{"id":6850,"date":"2025-02-11T08:29:59","date_gmt":"2025-02-11T08:29:59","guid":{"rendered":"https:\/\/edautomoto.com\/auction-terminology\/"},"modified":"2025-02-26T08:20:24","modified_gmt":"2025-02-26T08:20:24","slug":"auction-terminology","status":"publish","type":"page","link":"https:\/\/edautomoto.com\/lt\/auction-terminology\/","title":{"rendered":"Aukcion\u0173 terminologija"},"content":{"rendered":"\t\t<div data-elementor-type=\"wp-page\" data-elementor-id=\"6850\" class=\"elementor elementor-6850 elementor-6342\" data-elementor-post-type=\"page\">\n\t\t\t\t<div class=\"elementor-element elementor-element-4fd3fb9 e-flex e-con-boxed e-con e-child\" data-id=\"4fd3fb9\" data-element_type=\"container\">\n\t\t\t\t\t<div class=\"e-con-inner\">\n\t\t<div class=\"elementor-element elementor-element-d47d352 e-flex e-con-boxed e-con e-child\" data-id=\"d47d352\" data-element_type=\"container\">\n\t\t\t\t\t<div class=\"e-con-inner\">\n\t\t\t\t<div class=\"elementor-element elementor-element-5fb7a94 auction-text vehicle-damage elementor-widget elementor-widget-text-editor\" data-id=\"5fb7a94\" data-element_type=\"widget\" data-widget_type=\"text-editor.default\">\n\t\t\t\t<div class=\"elementor-widget-container\">\n\t\t\t\t\t\t\t\t\t<p>AO \u2013 Visapusi\u0161ka \u017eala: transporto priemon\u0117 pa\u017eeista keliose vietose, pvz., priekyje ir gale, \u0161onuose bei stoge.<br \/>\nBC \u2013 Biologin\u0117\/chemin\u0117 tar\u0161a: automobilio salonas u\u017eter\u0161tas keleivi\u0173 krauju arba chemin\u0117mis med\u017eiagomis.<br \/>\nBE \u2013 Variklio skyriaus gaisras: ugnies padaryta \u017eala variklio skyriui.<br \/>\nBI \u2013 Vidaus gaisras: ugnies padaryta \u017eala automobilio salonui.<br \/>\nBN \u2013 Visi\u0161kai sudeg\u0119s automobilis: didel\u0117 gaisro \u017eala did\u017eiajai daliai ar visai transporto priemonei.<br \/>\nFD \u2013 R\u0117mo pa\u017eeidimai: transporto priemon\u0117s r\u0117mo ar va\u017eiuokl\u0117s pa\u017eeidimai.<br \/>\nFR \u2013 Priekin\u0117 \u017eala: pa\u017eeista transporto priemon\u0117s priekin\u0117 dalis.<br \/>\nHL \u2013 Kru\u0161os pa\u017eeidimai: transporto priemon\u0117 apgadinta kru\u0161os.<br \/>\nMC \u2013 Mechaniniai pa\u017eeidimai: gedimai variklyje, elektros sistemoje, pavar\u0173 d\u0117\u017e\u0117je ar kituose mechaniniuose komponentuose.<br \/>\nMN \u2013 Nedideli \u012flenkimai\/\u012fbr\u0117\u017eimai: nedideli \u012flenkimai ar \u012fbr\u0117\u017eimai, nevir\u0161ijantys 30 mm.<br \/>\nNO \u2013 Nematoma \u017eala: transporto priemon\u0117 gali b\u016bti visi\u0161kai nepa\u017eeista arba sugedusi be matomos \u017ealos.<br \/>\nNW \u2013 Nat\u016bralus nusid\u0117v\u0117jimas: \u012fprastas transporto priemon\u0117s nusid\u0117v\u0117jimas be dideli\u0173 pa\u017eeidim\u0173.<br \/>\nPR \u2013 Nepilnas remontas: matomi prasto ar nebaigto remonto po\u017eymiai.<br \/>\nRJ \u2013 Atmestas remontas: transporto priemon\u0117 buvo remontuota, ta\u010diau savininkas jos atsisak\u0117.<br \/>\nRO \u2013 Apvirtimas: transporto priemon\u0117 pa\u017eeista apsivertus.<br \/>\nRR \u2013 Galin\u0117 \u017eala: pa\u017eeista transporto priemon\u0117s galin\u0117 dalis.<br \/>\nSD \u2013 \u0160onin\u0117 \u017eala: pa\u017eeistas vienas i\u0161 transporto priemon\u0117s \u0161on\u0173.<br \/>\nST \u2013 Apvogta: i\u0161 transporto priemon\u0117s pa\u0161alintos ar tr\u016bksta tam tikr\u0173 dali\u0173.<br \/>\nTP \u2013 Stogo pa\u017eeidimai: matoma \u017eala stogui ar durims.<br \/>\nUK \u2013 Ne\u017einoma \u017eala: \u017ealos b\u016bkl\u0117 nenustatyta.<br \/>\nUN \u2013 Apa\u010dios pa\u017eeidimai: transporto priemon\u0117s dugno ar va\u017eiuokl\u0117s pa\u017eeidimai.<br \/>\nMS \u2013 Vandalizmas: nedidel\u0117 vandalizmo sukelta \u017eala.<br \/>\nWA \u2013 Vandens \u017eala: transporto priemon\u0117 apgadinta vandens ar potvynio.<\/p>\n\t\t\t\t\t\t\t\t<\/div>\n\t\t\t\t<\/div>\n\t\t\t\t<div class=\"elementor-element elementor-element-34e9506 auction-text vehicle-mileage elementor-widget elementor-widget-text-editor\" data-id=\"34e9506\" data-element_type=\"widget\" data-widget_type=\"text-editor.default\">\n\t\t\t\t<div class=\"elementor-widget-container\">\n\t\t\t\t\t\t\t\t\t<p>A \u2013 Tikra rida: faktin\u0117 rida.<\/p>\n<p>E \u2013 Atleid\u017eiama nuo ridos \u017eym\u0117jimo: senos transporto priemon\u0117s.<\/p>\n<p>N \u2013 N\u0117ra tikslios ridos: rida netiksli arba jos nustatyti negalima.<\/p>\n<p>X \u2013 Vir\u0161ija mechaninius limitus: senesni\u0173 transporto priemoni\u0173 rida nebesvarbi ir ne\u017eymima.<\/p>\n\t\t\t\t\t\t\t\t<\/div>\n\t\t\t\t<\/div>\n\t\t\t\t<div class=\"elementor-element elementor-element-bdae495 auction-text vehicle-documents elementor-widget elementor-widget-text-editor\" data-id=\"bdae495\" data-element_type=\"widget\" data-widget_type=\"text-editor.default\">\n\t\t\t\t<div class=\"elementor-widget-container\">\n\t\t\t\t\t\t\t\t\t<p>CL \u2013 Tvarkingi dokumentai: tinka remontuoti ir registruoti.<\/p>\n<p>SALVAGE TITLE \u2013 Apgadinto automobilio dokumentai: tinka remontuoti ir registruoti.<\/p>\n<p>JUNK TITLE \u2013 Netinkama remontuoti: negalima remontuoti ir registruoti.<\/p>\n<p>NO TITLE \/ PARTS ONLY \u2013 N\u0117ra dokument\u0173: tinka tik detal\u0117ms, negalima remontuoti ir registruoti.<\/p>\n<p>NOT REPAIRABLE \u2013 Nesuremontuojama: negalima remontuoti ir registruoti.<\/p>\n<p>SCRAP CERTIFICATE OF TITLE \u2013 Metalo lau\u017eas: negalima remontuoti ir registruoti.<\/p>\n<p>BILL OF SALE \u2013 Pardavimo dokumentai: negalima remontuoti ir registruoti.<\/p>\n<p>CERTIFICATE OF DESTRUCTION \u2013 Sunaikinimo sertifikatas: negalima remontuoti ir registruoti.<\/p>\n<p>WAIT CERTIFICATE \u2013 Laukiama dokumento: laukiama, kol bus i\u0161duotas atitinkamas dokumentas.<\/p>\n\t\t\t\t\t\t\t\t<\/div>\n\t\t\t\t<\/div>\n\t\t\t\t<div class=\"elementor-element elementor-element-cd9a5f6 auction-text driving-wheels elementor-widget elementor-widget-text-editor\" data-id=\"cd9a5f6\" data-element_type=\"widget\" data-widget_type=\"text-editor.default\">\n\t\t\t\t<div class=\"elementor-widget-container\">\n\t\t\t\t\t\t\t\t\t<p>RWD: Galiniai varantieji ratai.<\/p>\n<p>FWD:\u00a0Priekiniai varantieji ratai.<\/p>\n<p>AWD:\u00a0Visi varantieji ratai.<\/p>\n\t\t\t\t\t\t\t\t<\/div>\n\t\t\t\t<\/div>\n\t\t\t\t<div class=\"elementor-element elementor-element-bc1483c auction-text other-terms elementor-widget elementor-widget-text-editor\" data-id=\"bc1483c\" data-element_type=\"widget\" data-widget_type=\"text-editor.default\">\n\t\t\t\t<div class=\"elementor-widget-container\">\n\t\t\t\t\t\t\t\t\t<p>ACV: Sveikos transporto priemon\u0117s rinkos kaina.<\/p>\n<p>Color: Transporto priemon\u0117s spalva.<\/p>\n<p>Damage Type: Pa\u017eeidimo tipas.<\/p>\n<p>Description: Apra\u0161ymas su pagaminimo metais.<\/p>\n<p>Expected Sale Date: Numatyta pardavimo data.<\/p>\n<p>Facility: Pardavimo aik\u0161tel\u0117.<\/p>\n<p>Loss Type: Nuostolio tipas.<\/p>\n<p>Mileage: Rida myliomis.<\/p>\n<p>Repair Cost: Remonto kaina (JAV \/ Kanadoje).<\/p>\n<p>TBD: Pardavimo data bus paskelbta.<\/p>\n<p>Theft: Apvogta transporto priemon\u0117.<\/p>\n<p>Title State: Valstija, kurioje registruota.<\/p>\n<p>Title Type: Techninio paso tipas.<\/p>\n<p>VIN: Transporto priemon\u0117s k\u0117bulo serijinis numeris.<\/p>\n<p>Lot Number: Unikalus &#8222;Copart&#8221; transporto priemon\u0117s identifikacinis numeris.<\/p>\n<p>Primary Damage: Pirminis pa\u017eeidimas.<\/p>\n<p>Cylinders: Cilindr\u0173 skai\u010dius.<\/p>\n<p>Body Style: K\u0117bulo tipas.<\/p>\n<p>Engine Type: Variklio tipas.<\/p>\n<p>Drive: Varantieji ratai.<\/p>\n<p>Vehicle Type: Transporto priemon\u0117s tipas.<\/p>\n<p>Fuel: Kuro tipas.<\/p>\n<p>Keys: Ar aukcionas turi raktelius.<\/p>\n<p>Highlights: Svarbiausi akcentai apie transporto priemon\u0119.<\/p>\n<p>Run &amp; Drive: Automobilis kuriasi ir va\u017eiuoja.<\/p>\n<p>Buy It Now: Galima \u012fsigyti i\u0161 karto.<\/p>\n<p>No License Required: Galima \u012fsigyti be verslo paskyros.<\/p>\n<p>Pure Sale Item: N\u0117ra minimalaus statymo ar rezervin\u0117s kainos.<\/p>\n<p>Electric Vehicles: Elektriniai automobiliai.<\/p>\n<p>Rentals: Nuomos kompanijoms priklaus\u0119 automobiliai.<\/p>\n<p>Copart GO: &#8222;Copart&#8221; aukcion\u0173 program\u0117l\u0117.<\/p>\n<p>Engine start program: Patikrinama, ar automobilis u\u017esiveda.<\/p>\n<p>Enhanced Vehicles: Pagerintos transporto priemon\u0117s.<\/p>\n<p>Exotics: Egzotin\u0117s transporto priemon\u0117s (pvz., Aston Martin, Jaguar).<\/p>\n<p>New Items: Naujai prid\u0117ti automobiliai aukcione.<\/p>\n<p>Featured Vehicles: Populiar\u016bs automobiliai aukcione.<\/p>\n<p>Offsite Sales: Pardavimo aik\u0161tel\u0117s u\u017e &#8222;Copart&#8221; padalinio rib\u0173.<\/p>\n<p>Recovered Thefts: Susigr\u0105\u017eintos pavogtos transporto priemon\u0117s.<\/p>\n<p>Fleet\/Lease: Automobili\u0173 parke ar i\u0161perkamajai nuomai priklaus\u0119 automobiliai.<\/p>\n\t\t\t\t\t\t\t\t<\/div>\n\t\t\t\t<\/div>\n\t\t\t\t\t<\/div>\n\t\t\t\t<\/div>\n\t\t<div class=\"elementor-element elementor-element-b2316a9 e-con-full elementor-hidden-tablet elementor-hidden-mobile e-flex e-con e-child\" data-id=\"b2316a9\" data-element_type=\"container\">\n\t\t<div class=\"elementor-element elementor-element-e658086 e-con-full menu-container menu-vehicle-damage e-flex e-con e-child\" data-id=\"e658086\" data-element_type=\"container\">\n\t\t\t\t<div class=\"elementor-element elementor-element-7cc35e9 elementor-widget elementor-widget-heading\" data-id=\"7cc35e9\" data-element_type=\"widget\" data-widget_type=\"heading.default\">\n\t\t\t\t<div class=\"elementor-widget-container\">\n\t\t\t\t\t<h2 class=\"elementor-heading-title elementor-size-default\">Transporto priemon\u0117s pa\u017eeidimai<\/h2>\t\t\t\t<\/div>\n\t\t\t\t<\/div>\n\t\t\t\t<\/div>\n\t\t<div class=\"elementor-element elementor-element-81e09dc e-con-full menu-container menu-vehicle-mileage e-flex e-con e-child\" data-id=\"81e09dc\" data-element_type=\"container\">\n\t\t\t\t<div class=\"elementor-element elementor-element-33eb167 elementor-widget elementor-widget-heading\" data-id=\"33eb167\" data-element_type=\"widget\" data-widget_type=\"heading.default\">\n\t\t\t\t<div class=\"elementor-widget-container\">\n\t\t\t\t\t<h2 class=\"elementor-heading-title elementor-size-default\">Transporto priemon\u0117s rida<\/h2>\t\t\t\t<\/div>\n\t\t\t\t<\/div>\n\t\t\t\t<\/div>\n\t\t<div class=\"elementor-element elementor-element-c249102 e-con-full menu-container menu-vehicle-documents e-flex e-con e-child\" data-id=\"c249102\" data-element_type=\"container\">\n\t\t\t\t<div class=\"elementor-element elementor-element-a6ecda0 elementor-widget elementor-widget-heading\" data-id=\"a6ecda0\" data-element_type=\"widget\" data-widget_type=\"heading.default\">\n\t\t\t\t<div class=\"elementor-widget-container\">\n\t\t\t\t\t<h2 class=\"elementor-heading-title elementor-size-default\">Transporto priemon\u0117s dokumentai<\/h2>\t\t\t\t<\/div>\n\t\t\t\t<\/div>\n\t\t\t\t<\/div>\n\t\t<div class=\"elementor-element elementor-element-2c5299d e-con-full menu-container menu-driving-wheels e-flex e-con e-child\" data-id=\"2c5299d\" data-element_type=\"container\">\n\t\t\t\t<div class=\"elementor-element elementor-element-7204100 elementor-widget elementor-widget-heading\" data-id=\"7204100\" data-element_type=\"widget\" data-widget_type=\"heading.default\">\n\t\t\t\t<div class=\"elementor-widget-container\">\n\t\t\t\t\t<h2 class=\"elementor-heading-title elementor-size-default\">Varantieji ratai<\/h2>\t\t\t\t<\/div>\n\t\t\t\t<\/div>\n\t\t\t\t<\/div>\n\t\t<div class=\"elementor-element elementor-element-03bfdb0 e-con-full menu-container menu-other-terms e-flex e-con e-child\" data-id=\"03bfdb0\" data-element_type=\"container\">\n\t\t\t\t<div class=\"elementor-element elementor-element-511559d elementor-widget elementor-widget-heading\" data-id=\"511559d\" data-element_type=\"widget\" data-widget_type=\"heading.default\">\n\t\t\t\t<div class=\"elementor-widget-container\">\n\t\t\t\t\t<h2 class=\"elementor-heading-title elementor-size-default\">Kiti terminai<\/h2>\t\t\t\t<\/div>\n\t\t\t\t<\/div>\n\t\t\t\t<\/div>\n\t\t\t\t<\/div>\n\t\t\t\t\t<\/div>\n\t\t\t\t<\/div>\n\t\t\t\t<\/div>\n\t\t","protected":false},"excerpt":{"rendered":"<p>Transporto priemon\u0117s pa\u017eeidimai Transporto priemon\u0117s rida Transporto priemon\u0117s dokumentai Varantieji ratai Kiti terminai<\/p>\n","protected":false},"author":1,"featured_media":0,"parent":0,"menu_order":0,"comment_status":"closed","ping_status":"closed","template":"","meta":{"_acf_changed":false,"footnotes":""},"class_list":["post-6850","page","type-page","status-publish","hentry"],"acf":[],"yoast_head":"<!-- This site is optimized with the Yoast SEO plugin v26.6 - https:\/\/yoast.com\/wordpress\/plugins\/seo\/ -->\n<title>Aukcion\u0173 terminologija - ED AutoMoto<\/title>\n<meta name=\"robots\" content=\"index, follow, max-snippet:-1, max-image-preview:large, max-video-preview:-1\" \/>\n<link rel=\"canonical\" href=\"https:\/\/edautomoto.com\/auction-terminology\/\" \/>\n<meta property=\"og:locale\" content=\"lt_LT\" \/>\n<meta property=\"og:type\" content=\"article\" \/>\n<meta property=\"og:title\" content=\"Aukcion\u0173 terminologija - ED AutoMoto\" \/>\n<meta property=\"og:description\" content=\"Transporto priemon\u0117s pa\u017eeidimai Transporto priemon\u0117s rida Transporto priemon\u0117s dokumentai Varantieji ratai Kiti terminai\" \/>\n<meta property=\"og:url\" content=\"https:\/\/edautomoto.com\/auction-terminology\/\" \/>\n<meta property=\"og:site_name\" content=\"ED AutoMoto\" \/>\n<meta property=\"article:modified_time\" content=\"2025-02-26T08:20:24+00:00\" \/>\n<meta name=\"twitter:card\" content=\"summary_large_image\" \/>\n<meta name=\"twitter:label1\" content=\"Est. reading time\" \/>\n\t<meta name=\"twitter:data1\" content=\"4 minut\u0117s\" \/>\n<script type=\"application\/ld+json\" class=\"yoast-schema-graph\">{\"@context\":\"https:\/\/schema.org\",\"@graph\":[{\"@type\":\"WebPage\",\"@id\":\"https:\/\/edautomoto.com\/auction-terminology\/\",\"url\":\"https:\/\/edautomoto.com\/auction-terminology\/\",\"name\":\"Aukcion\u0173 terminologija - ED AutoMoto\",\"isPartOf\":{\"@id\":\"https:\/\/edautomoto.com\/#website\"},\"datePublished\":\"2025-02-11T08:29:59+00:00\",\"dateModified\":\"2025-02-26T08:20:24+00:00\",\"breadcrumb\":{\"@id\":\"https:\/\/edautomoto.com\/auction-terminology\/#breadcrumb\"},\"inLanguage\":\"lt-LT\",\"potentialAction\":[{\"@type\":\"ReadAction\",\"target\":[\"https:\/\/edautomoto.com\/auction-terminology\/\"]}]},{\"@type\":\"BreadcrumbList\",\"@id\":\"https:\/\/edautomoto.com\/auction-terminology\/#breadcrumb\",\"itemListElement\":[{\"@type\":\"ListItem\",\"position\":1,\"name\":\"Home\",\"item\":\"https:\/\/edautomoto.com\/\"},{\"@type\":\"ListItem\",\"position\":2,\"name\":\"Aukcion\u0173 terminologija\"}]},{\"@type\":\"WebSite\",\"@id\":\"https:\/\/edautomoto.com\/#website\",\"url\":\"https:\/\/edautomoto.com\/\",\"name\":\"ED AutoMoto\",\"description\":\"\",\"publisher\":{\"@id\":\"https:\/\/edautomoto.com\/#organization\"},\"potentialAction\":[{\"@type\":\"SearchAction\",\"target\":{\"@type\":\"EntryPoint\",\"urlTemplate\":\"https:\/\/edautomoto.com\/?s={search_term_string}\"},\"query-input\":{\"@type\":\"PropertyValueSpecification\",\"valueRequired\":true,\"valueName\":\"search_term_string\"}}],\"inLanguage\":\"lt-LT\"},{\"@type\":\"Organization\",\"@id\":\"https:\/\/edautomoto.com\/#organization\",\"name\":\"ED AutoMoto\",\"url\":\"https:\/\/edautomoto.com\/\",\"logo\":{\"@type\":\"ImageObject\",\"inLanguage\":\"lt-LT\",\"@id\":\"https:\/\/edautomoto.com\/#\/schema\/logo\/image\/\",\"url\":\"https:\/\/edautomoto.com\/wp-content\/uploads\/2025\/02\/logo.png\",\"contentUrl\":\"https:\/\/edautomoto.com\/wp-content\/uploads\/2025\/02\/logo.png\",\"width\":115,\"height\":75,\"caption\":\"ED AutoMoto\"},\"image\":{\"@id\":\"https:\/\/edautomoto.com\/#\/schema\/logo\/image\/\"}}]}<\/script>\n<!-- \/ Yoast SEO plugin. -->","yoast_head_json":{"title":"Aukcion\u0173 terminologija - ED AutoMoto","robots":{"index":"index","follow":"follow","max-snippet":"max-snippet:-1","max-image-preview":"max-image-preview:large","max-video-preview":"max-video-preview:-1"},"canonical":"https:\/\/edautomoto.com\/auction-terminology\/","og_locale":"lt_LT","og_type":"article","og_title":"Aukcion\u0173 terminologija - ED AutoMoto","og_description":"Transporto priemon\u0117s pa\u017eeidimai Transporto priemon\u0117s rida Transporto priemon\u0117s dokumentai Varantieji ratai Kiti terminai","og_url":"https:\/\/edautomoto.com\/auction-terminology\/","og_site_name":"ED AutoMoto","article_modified_time":"2025-02-26T08:20:24+00:00","twitter_card":"summary_large_image","twitter_misc":{"Est. reading time":"4 minut\u0117s"},"schema":{"@context":"https:\/\/schema.org","@graph":[{"@type":"WebPage","@id":"https:\/\/edautomoto.com\/auction-terminology\/","url":"https:\/\/edautomoto.com\/auction-terminology\/","name":"Aukcion\u0173 terminologija - ED AutoMoto","isPartOf":{"@id":"https:\/\/edautomoto.com\/#website"},"datePublished":"2025-02-11T08:29:59+00:00","dateModified":"2025-02-26T08:20:24+00:00","breadcrumb":{"@id":"https:\/\/edautomoto.com\/auction-terminology\/#breadcrumb"},"inLanguage":"lt-LT","potentialAction":[{"@type":"ReadAction","target":["https:\/\/edautomoto.com\/auction-terminology\/"]}]},{"@type":"BreadcrumbList","@id":"https:\/\/edautomoto.com\/auction-terminology\/#breadcrumb","itemListElement":[{"@type":"ListItem","position":1,"name":"Home","item":"https:\/\/edautomoto.com\/"},{"@type":"ListItem","position":2,"name":"Aukcion\u0173 terminologija"}]},{"@type":"WebSite","@id":"https:\/\/edautomoto.com\/#website","url":"https:\/\/edautomoto.com\/","name":"ED AutoMoto","description":"","publisher":{"@id":"https:\/\/edautomoto.com\/#organization"},"potentialAction":[{"@type":"SearchAction","target":{"@type":"EntryPoint","urlTemplate":"https:\/\/edautomoto.com\/?s={search_term_string}"},"query-input":{"@type":"PropertyValueSpecification","valueRequired":true,"valueName":"search_term_string"}}],"inLanguage":"lt-LT"},{"@type":"Organization","@id":"https:\/\/edautomoto.com\/#organization","name":"ED AutoMoto","url":"https:\/\/edautomoto.com\/","logo":{"@type":"ImageObject","inLanguage":"lt-LT","@id":"https:\/\/edautomoto.com\/#\/schema\/logo\/image\/","url":"https:\/\/edautomoto.com\/wp-content\/uploads\/2025\/02\/logo.png","contentUrl":"https:\/\/edautomoto.com\/wp-content\/uploads\/2025\/02\/logo.png","width":115,"height":75,"caption":"ED AutoMoto"},"image":{"@id":"https:\/\/edautomoto.com\/#\/schema\/logo\/image\/"}}]}},"_links":{"self":[{"href":"https:\/\/edautomoto.com\/lt\/wp-json\/wp\/v2\/pages\/6850","targetHints":{"allow":["GET"]}}],"collection":[{"href":"https:\/\/edautomoto.com\/lt\/wp-json\/wp\/v2\/pages"}],"about":[{"href":"https:\/\/edautomoto.com\/lt\/wp-json\/wp\/v2\/types\/page"}],"author":[{"embeddable":true,"href":"https:\/\/edautomoto.com\/lt\/wp-json\/wp\/v2\/users\/1"}],"replies":[{"embeddable":true,"href":"https:\/\/edautomoto.com\/lt\/wp-json\/wp\/v2\/comments?post=6850"}],"version-history":[{"count":15,"href":"https:\/\/edautomoto.com\/lt\/wp-json\/wp\/v2\/pages\/6850\/revisions"}],"predecessor-version":[{"id":7718,"href":"https:\/\/edautomoto.com\/lt\/wp-json\/wp\/v2\/pages\/6850\/revisions\/7718"}],"wp:attachment":[{"href":"https:\/\/edautomoto.com\/lt\/wp-json\/wp\/v2\/media?parent=6850"}],"curies":[{"name":"wp","href":"https:\/\/api.w.org\/{rel}","templated":true}]}}